{"id":75,"date":"2024-03-06T16:59:39","date_gmt":"2024-03-06T21:59:39","guid":{"rendered":"https:\/\/tiendadelprogramador.com\/?post_type=product&#038;p=75"},"modified":"2024-03-06T17:04:27","modified_gmt":"2024-03-06T22:04:27","slug":"sudadera-libreria-react-ds1","status":"publish","type":"product","link":"https:\/\/tiendadelprogramador.com\/?product=sudadera-libreria-react-ds1","title":{"rendered":"Sudadera Librer\u00eda React Ds1"},"content":{"rendered":"<div class=\"flex-1 overflow-hidden\">\n<div class=\"react-scroll-to-bottom--css-tmric-79elbk h-full\">\n<div class=\"react-scroll-to-bottom--css-tmric-1n7m0yu\">\n<div class=\"flex flex-col text-sm pb-9\">\n<div class=\"w-full text-token-text-primary\" data-testid=\"conversation-turn-40\">\n<div class=\"px-4 py-2 justify-center text-base md:gap-6 m-auto\">\n<div class=\"flex flex-1 text-base mx-auto gap-3 md:px-5 lg:px-1 xl:px-5 md:max-w-3xl lg:max-w-[40rem] xl:max-w-[48rem] group final-completion\">\n<div class=\"relative flex w-full flex-col agent-turn\">\n<div class=\"flex-col gap-1 md:gap-3\">\n<div class=\"flex flex-grow flex-col max-w-full\">\n<div class=\"min-h-[20px] text-message flex flex-col items-start gap-3 whitespace-pre-wrap break-words [.text-message+&amp;]:mt-5 overflow-x-auto\" data-message-author-role=\"assistant\" data-message-id=\"be655df1-618d-487b-9c5c-a75c56bb2fae\">\n<div class=\"markdown prose w-full break-words dark:prose-invert dark\">\n<p>Sin capucha.<\/p>\n<p>Impresiona con el distintivo logo de React en negro. Perfecta para los devotos de la librer\u00eda. Fabricada en algod\u00f3n suave, esta sudadera combina comodidad y estilo, mostrando tu devoci\u00f3n por React con un toque moderno y elegante.<\/p>\n<\/div>\n<\/div>\n<\/div>\n<div class=\"pr-2 lg:pr-0\"><\/div>\n<\/div>\n<\/div>\n<\/div>\n<\/div>\n<\/div>\n<\/div>\n<\/div>\n<\/div>\n<\/div>\n<div class=\"w-full pt-2 md:pt-0 dark:border-white\/20 md:border-transparent md:dark:border-transparent md:w-[calc(100%-.5rem)]\">\n<form class=\"stretch mx-2 flex flex-row gap-3 last:mb-2 md:mx-4 md:last:mb-6 lg:mx-auto lg:max-w-2xl xl:max-w-3xl\">\n<div class=\"relative flex h-full flex-1 flex-col\">\n<div class=\"flex w-full items-center\"><\/div>\n<\/div>\n<\/form>\n<\/div>\n","protected":false},"excerpt":{"rendered":"<p>Sin capucha. Impresiona con el distintivo logo de React en negro. Perfecta para los devotos de la librer\u00eda. Fabricada en algod\u00f3n suave, esta sudadera combina comodidad y estilo, mostrando tu devoci\u00f3n por React con un toque moderno y elegante.<\/p>\n","protected":false},"featured_media":76,"comment_status":"open","ping_status":"closed","template":"","meta":{"_monsterinsights_skip_tracking":false,"_monsterinsights_sitenote_active":false,"_monsterinsights_sitenote_note":"","_monsterinsights_sitenote_category":0},"product_cat":[26,27],"product_tag":[],"aioseo_notices":[],"jetpack_sharing_enabled":true,"_links":{"self":[{"href":"https:\/\/tiendadelprogramador.com\/index.php?rest_route=\/wp\/v2\/product\/75"}],"collection":[{"href":"https:\/\/tiendadelprogramador.com\/index.php?rest_route=\/wp\/v2\/product"}],"about":[{"href":"https:\/\/tiendadelprogramador.com\/index.php?rest_route=\/wp\/v2\/types\/product"}],"replies":[{"embeddable":true,"href":"https:\/\/tiendadelprogramador.com\/index.php?rest_route=%2Fwp%2Fv2%2Fcomments&post=75"}],"wp:featuredmedia":[{"embeddable":true,"href":"https:\/\/tiendadelprogramador.com\/index.php?rest_route=\/wp\/v2\/media\/76"}],"wp:attachment":[{"href":"https:\/\/tiendadelprogramador.com\/index.php?rest_route=%2Fwp%2Fv2%2Fmedia&parent=75"}],"wp:term":[{"taxonomy":"product_cat","embeddable":true,"href":"https:\/\/tiendadelprogramador.com\/index.php?rest_route=%2Fwp%2Fv2%2Fproduct_cat&post=75"},{"taxonomy":"product_tag","embeddable":true,"href":"https:\/\/tiendadelprogramador.com\/index.php?rest_route=%2Fwp%2Fv2%2Fproduct_tag&post=75"}],"curies":[{"name":"wp","href":"https:\/\/api.w.org\/{rel}","templated":true}]}}