{"id":65,"date":"2024-03-06T14:31:51","date_gmt":"2024-03-06T19:31:51","guid":{"rendered":"https:\/\/tiendadelprogramador.com\/?post_type=product&#038;p=65"},"modified":"2024-03-06T14:31:51","modified_gmt":"2024-03-06T19:31:51","slug":"camiseta-lenguaje-javascript-ds1","status":"publish","type":"product","link":"https:\/\/tiendadelprogramador.com\/?product=camiseta-lenguaje-javascript-ds1","title":{"rendered":"Camiseta Lenguaje JavaScript Ds1"},"content":{"rendered":"<p>Destaca con el emblem\u00e1tico logo de JavaScript en negro. Perfecta para los amantes del desarrollo web. Confeccionada en algod\u00f3n suave, esta camiseta combina comodidad y estilo, mostrando tu pasi\u00f3n por el lenguaje JavaScript con un toque moderno y elegante.<\/p>\n","protected":false},"excerpt":{"rendered":"<p>Destaca con el emblem\u00e1tico logo de JavaScript en negro. Perfecta para los amantes del desarrollo web. Confeccionada en algod\u00f3n suave, esta camiseta combina comodidad y estilo, mostrando tu pasi\u00f3n por el lenguaje JavaScript con un toque moderno y elegante.<\/p>\n","protected":false},"featured_media":66,"comment_status":"open","ping_status":"closed","template":"","meta":{"_monsterinsights_skip_tracking":false,"_monsterinsights_sitenote_active":false,"_monsterinsights_sitenote_note":"","_monsterinsights_sitenote_category":0},"product_cat":[22,25],"product_tag":[],"aioseo_notices":[],"jetpack_sharing_enabled":true,"_links":{"self":[{"href":"https:\/\/tiendadelprogramador.com\/index.php?rest_route=\/wp\/v2\/product\/65"}],"collection":[{"href":"https:\/\/tiendadelprogramador.com\/index.php?rest_route=\/wp\/v2\/product"}],"about":[{"href":"https:\/\/tiendadelprogramador.com\/index.php?rest_route=\/wp\/v2\/types\/product"}],"replies":[{"embeddable":true,"href":"https:\/\/tiendadelprogramador.com\/index.php?rest_route=%2Fwp%2Fv2%2Fcomments&post=65"}],"wp:featuredmedia":[{"embeddable":true,"href":"https:\/\/tiendadelprogramador.com\/index.php?rest_route=\/wp\/v2\/media\/66"}],"wp:attachment":[{"href":"https:\/\/tiendadelprogramador.com\/index.php?rest_route=%2Fwp%2Fv2%2Fmedia&parent=65"}],"wp:term":[{"taxonomy":"product_cat","embeddable":true,"href":"https:\/\/tiendadelprogramador.com\/index.php?rest_route=%2Fwp%2Fv2%2Fproduct_cat&post=65"},{"taxonomy":"product_tag","embeddable":true,"href":"https:\/\/tiendadelprogramador.com\/index.php?rest_route=%2Fwp%2Fv2%2Fproduct_tag&post=65"}],"curies":[{"name":"wp","href":"https:\/\/api.w.org\/{rel}","templated":true}]}}