{"id":63,"date":"2024-03-06T14:29:03","date_gmt":"2024-03-06T19:29:03","guid":{"rendered":"https:\/\/tiendadelprogramador.com\/?post_type=product&#038;p=63"},"modified":"2024-03-06T14:29:03","modified_gmt":"2024-03-06T19:29:03","slug":"camiseta-lenguaje-html-ds1","status":"publish","type":"product","link":"https:\/\/tiendadelprogramador.com\/?product=camiseta-lenguaje-html-ds1","title":{"rendered":"Camiseta Lenguaje HTML Ds1"},"content":{"rendered":"<p>Resalta con elegancia el s\u00edmbolo distintivo de HTML en el pecho. En negro cl\u00e1sico, esta camiseta es esencial para los amantes del desarrollo web. Confeccionada con algod\u00f3n suave, es c\u00f3moda y muestra tu conexi\u00f3n con el lenguaje HTML con estilo.<\/p>\n","protected":false},"excerpt":{"rendered":"<p>Resalta con elegancia el s\u00edmbolo distintivo de HTML en el pecho. En negro cl\u00e1sico, esta camiseta es esencial para los amantes del desarrollo web. Confeccionada con algod\u00f3n suave, es c\u00f3moda y muestra tu conexi\u00f3n con el lenguaje HTML con estilo.<\/p>\n","protected":false},"featured_media":64,"comment_status":"open","ping_status":"closed","template":"","meta":{"_monsterinsights_skip_tracking":false,"_monsterinsights_sitenote_active":false,"_monsterinsights_sitenote_note":"","_monsterinsights_sitenote_category":0},"product_cat":[22,25],"product_tag":[],"aioseo_notices":[],"jetpack_sharing_enabled":true,"_links":{"self":[{"href":"https:\/\/tiendadelprogramador.com\/index.php?rest_route=\/wp\/v2\/product\/63"}],"collection":[{"href":"https:\/\/tiendadelprogramador.com\/index.php?rest_route=\/wp\/v2\/product"}],"about":[{"href":"https:\/\/tiendadelprogramador.com\/index.php?rest_route=\/wp\/v2\/types\/product"}],"replies":[{"embeddable":true,"href":"https:\/\/tiendadelprogramador.com\/index.php?rest_route=%2Fwp%2Fv2%2Fcomments&post=63"}],"wp:featuredmedia":[{"embeddable":true,"href":"https:\/\/tiendadelprogramador.com\/index.php?rest_route=\/wp\/v2\/media\/64"}],"wp:attachment":[{"href":"https:\/\/tiendadelprogramador.com\/index.php?rest_route=%2Fwp%2Fv2%2Fmedia&parent=63"}],"wp:term":[{"taxonomy":"product_cat","embeddable":true,"href":"https:\/\/tiendadelprogramador.com\/index.php?rest_route=%2Fwp%2Fv2%2Fproduct_cat&post=63"},{"taxonomy":"product_tag","embeddable":true,"href":"https:\/\/tiendadelprogramador.com\/index.php?rest_route=%2Fwp%2Fv2%2Fproduct_tag&post=63"}],"curies":[{"name":"wp","href":"https:\/\/api.w.org\/{rel}","templated":true}]}}