{"id":61,"date":"2024-03-06T14:25:37","date_gmt":"2024-03-06T19:25:37","guid":{"rendered":"https:\/\/tiendadelprogramador.com\/?post_type=product&#038;p=61"},"modified":"2024-03-06T14:26:12","modified_gmt":"2024-03-06T19:26:12","slug":"camiseta-framework-nest-js-ds1","status":"publish","type":"product","link":"https:\/\/tiendadelprogramador.com\/?product=camiseta-framework-nest-js-ds1","title":{"rendered":"Camiseta Framework Nest Js Ds1"},"content":{"rendered":"<div class=\"flex-1 overflow-hidden\">\n<div class=\"react-scroll-to-bottom--css-tmric-79elbk h-full\">\n<div class=\"react-scroll-to-bottom--css-tmric-1n7m0yu\">\n<div class=\"flex flex-col text-sm pb-9\">\n<div class=\"w-full text-token-text-primary\" data-testid=\"conversation-turn-32\">\n<div class=\"px-4 py-2 justify-center text-base md:gap-6 m-auto\">\n<div class=\"flex flex-1 text-base mx-auto gap-3 md:px-5 lg:px-1 xl:px-5 md:max-w-3xl lg:max-w-[40rem] xl:max-w-[48rem] group final-completion\">\n<div class=\"relative flex w-full flex-col agent-turn\">\n<div class=\"flex-col gap-1 md:gap-3\">\n<div class=\"flex flex-grow flex-col max-w-full\">\n<div class=\"min-h-[20px] text-message flex flex-col items-start gap-3 whitespace-pre-wrap break-words [.text-message+&amp;]:mt-5 overflow-x-auto\" data-message-author-role=\"assistant\" data-message-id=\"29552718-8953-446d-9a2a-69a4d9c8e2ae\">\n<div class=\"markdown prose w-full break-words dark:prose-invert dark\">\n<p>Destaca con el logotipo distintivo de Nest JS en el frente. En negro cl\u00e1sico, es ideal para los seguidores de esta potente biblioteca. Fabricada con algod\u00f3n suave, es c\u00f3moda y muestra tu pasi\u00f3n por Nest JS con estilo.<\/p>\n<\/div>\n<\/div>\n<\/div>\n<\/div>\n<\/div>\n<\/div>\n<\/div>\n<\/div>\n<\/div>\n<\/div>\n<\/div>\n<\/div>\n","protected":false},"excerpt":{"rendered":"<p>Destaca con el logotipo distintivo de Nest JS en el frente. En negro cl\u00e1sico, es ideal para los seguidores de esta potente biblioteca. Fabricada con algod\u00f3n suave, es c\u00f3moda y muestra tu pasi\u00f3n por Nest JS con estilo.<\/p>\n","protected":false},"featured_media":62,"comment_status":"open","ping_status":"closed","template":"","meta":{"_monsterinsights_skip_tracking":false,"_monsterinsights_sitenote_active":false,"_monsterinsights_sitenote_note":"","_monsterinsights_sitenote_category":0},"product_cat":[22,23],"product_tag":[],"aioseo_notices":[],"jetpack_sharing_enabled":true,"_links":{"self":[{"href":"https:\/\/tiendadelprogramador.com\/index.php?rest_route=\/wp\/v2\/product\/61"}],"collection":[{"href":"https:\/\/tiendadelprogramador.com\/index.php?rest_route=\/wp\/v2\/product"}],"about":[{"href":"https:\/\/tiendadelprogramador.com\/index.php?rest_route=\/wp\/v2\/types\/product"}],"replies":[{"embeddable":true,"href":"https:\/\/tiendadelprogramador.com\/index.php?rest_route=%2Fwp%2Fv2%2Fcomments&post=61"}],"wp:featuredmedia":[{"embeddable":true,"href":"https:\/\/tiendadelprogramador.com\/index.php?rest_route=\/wp\/v2\/media\/62"}],"wp:attachment":[{"href":"https:\/\/tiendadelprogramador.com\/index.php?rest_route=%2Fwp%2Fv2%2Fmedia&parent=61"}],"wp:term":[{"taxonomy":"product_cat","embeddable":true,"href":"https:\/\/tiendadelprogramador.com\/index.php?rest_route=%2Fwp%2Fv2%2Fproduct_cat&post=61"},{"taxonomy":"product_tag","embeddable":true,"href":"https:\/\/tiendadelprogramador.com\/index.php?rest_route=%2Fwp%2Fv2%2Fproduct_tag&post=61"}],"curies":[{"name":"wp","href":"https:\/\/api.w.org\/{rel}","templated":true}]}}