{"id":59,"date":"2024-03-06T14:15:49","date_gmt":"2024-03-06T19:15:49","guid":{"rendered":"https:\/\/tiendadelprogramador.com\/?post_type=product&#038;p=59"},"modified":"2024-03-06T14:15:49","modified_gmt":"2024-03-06T19:15:49","slug":"camiseta-framework-laravel-ds1","status":"publish","type":"product","link":"https:\/\/tiendadelprogramador.com\/?product=camiseta-framework-laravel-ds1","title":{"rendered":"Camiseta Framework Laravel Ds1"},"content":{"rendered":"<p>Un dise\u00f1o minimalista con el logotipo de Laravel en el pecho. En negro cl\u00e1sico, esta camiseta es esencial para los desarrolladores que aman este framework. Confeccionada con algod\u00f3n suave, es c\u00f3moda y muestra tu devoci\u00f3n por Laravel con estilo.<\/p>\n","protected":false},"excerpt":{"rendered":"<p>Un dise\u00f1o minimalista con el logotipo de Laravel en el pecho. En negro cl\u00e1sico, esta camiseta es esencial para los desarrolladores que aman este framework. Confeccionada con algod\u00f3n suave, es c\u00f3moda y muestra tu devoci\u00f3n por Laravel con estilo.<\/p>\n","protected":false},"featured_media":60,"comment_status":"open","ping_status":"closed","template":"","meta":{"_monsterinsights_skip_tracking":false,"_monsterinsights_sitenote_active":false,"_monsterinsights_sitenote_note":"","_monsterinsights_sitenote_category":0},"product_cat":[22,23],"product_tag":[],"aioseo_notices":[],"jetpack_sharing_enabled":true,"_links":{"self":[{"href":"https:\/\/tiendadelprogramador.com\/index.php?rest_route=\/wp\/v2\/product\/59"}],"collection":[{"href":"https:\/\/tiendadelprogramador.com\/index.php?rest_route=\/wp\/v2\/product"}],"about":[{"href":"https:\/\/tiendadelprogramador.com\/index.php?rest_route=\/wp\/v2\/types\/product"}],"replies":[{"embeddable":true,"href":"https:\/\/tiendadelprogramador.com\/index.php?rest_route=%2Fwp%2Fv2%2Fcomments&post=59"}],"wp:featuredmedia":[{"embeddable":true,"href":"https:\/\/tiendadelprogramador.com\/index.php?rest_route=\/wp\/v2\/media\/60"}],"wp:attachment":[{"href":"https:\/\/tiendadelprogramador.com\/index.php?rest_route=%2Fwp%2Fv2%2Fmedia&parent=59"}],"wp:term":[{"taxonomy":"product_cat","embeddable":true,"href":"https:\/\/tiendadelprogramador.com\/index.php?rest_route=%2Fwp%2Fv2%2Fproduct_cat&post=59"},{"taxonomy":"product_tag","embeddable":true,"href":"https:\/\/tiendadelprogramador.com\/index.php?rest_route=%2Fwp%2Fv2%2Fproduct_tag&post=59"}],"curies":[{"name":"wp","href":"https:\/\/api.w.org\/{rel}","templated":true}]}}