{"id":48,"date":"2024-03-06T12:11:15","date_gmt":"2024-03-06T17:11:15","guid":{"rendered":"https:\/\/tiendadelprogramador.com\/?post_type=product&#038;p=48"},"modified":"2024-03-06T14:10:42","modified_gmt":"2024-03-06T19:10:42","slug":"camisa-framework-angular-ds1","status":"publish","type":"product","link":"https:\/\/tiendadelprogramador.com\/?product=camisa-framework-angular-ds1","title":{"rendered":"Camiseta Framework Angular Ds1"},"content":{"rendered":"<p>Dise\u00f1o minimalista en negro con el ic\u00f3nico logo de Angular. Fabricada con algod\u00f3n suave y duradero, esta camiseta es perfecta para los desarrolladores que aman el framework Angular y el estilo sin complicaciones. Lleva tu pasi\u00f3n por la programaci\u00f3n a la moda.<\/p>\n","protected":false},"excerpt":{"rendered":"<p>Dise\u00f1o minimalista en negro con el ic\u00f3nico logo de Angular. Fabricada con algod\u00f3n suave y duradero, esta camiseta es perfecta para los desarrolladores que aman el framework Angular y el estilo sin complicaciones. Lleva tu pasi\u00f3n por la programaci\u00f3n a la moda.<\/p>\n","protected":false},"featured_media":56,"comment_status":"open","ping_status":"closed","template":"","meta":{"_monsterinsights_skip_tracking":false,"_monsterinsights_sitenote_active":false,"_monsterinsights_sitenote_note":"","_monsterinsights_sitenote_category":0},"product_cat":[22,23],"product_tag":[],"aioseo_notices":[],"jetpack_sharing_enabled":true,"_links":{"self":[{"href":"https:\/\/tiendadelprogramador.com\/index.php?rest_route=\/wp\/v2\/product\/48"}],"collection":[{"href":"https:\/\/tiendadelprogramador.com\/index.php?rest_route=\/wp\/v2\/product"}],"about":[{"href":"https:\/\/tiendadelprogramador.com\/index.php?rest_route=\/wp\/v2\/types\/product"}],"replies":[{"embeddable":true,"href":"https:\/\/tiendadelprogramador.com\/index.php?rest_route=%2Fwp%2Fv2%2Fcomments&post=48"}],"wp:featuredmedia":[{"embeddable":true,"href":"https:\/\/tiendadelprogramador.com\/index.php?rest_route=\/wp\/v2\/media\/56"}],"wp:attachment":[{"href":"https:\/\/tiendadelprogramador.com\/index.php?rest_route=%2Fwp%2Fv2%2Fmedia&parent=48"}],"wp:term":[{"taxonomy":"product_cat","embeddable":true,"href":"https:\/\/tiendadelprogramador.com\/index.php?rest_route=%2Fwp%2Fv2%2Fproduct_cat&post=48"},{"taxonomy":"product_tag","embeddable":true,"href":"https:\/\/tiendadelprogramador.com\/index.php?rest_route=%2Fwp%2Fv2%2Fproduct_tag&post=48"}],"curies":[{"name":"wp","href":"https:\/\/api.w.org\/{rel}","templated":true}]}}